{"id":53,"date":"2025-12-05T20:45:33","date_gmt":"2025-12-05T19:45:33","guid":{"rendered":"https:\/\/sielankamragowo.pl\/?page_id=53"},"modified":"2025-12-05T23:44:39","modified_gmt":"2025-12-05T22:44:39","slug":"strona-glowna","status":"publish","type":"page","link":"https:\/\/sielankamragowo.pl\/","title":{"rendered":"STRONA G\u0141\u00d3WNA"},"content":{"rendered":"\t\t<div data-elementor-type=\"wp-page\" data-elementor-id=\"53\" class=\"elementor elementor-53\" data-elementor-post-type=\"page\">\n\t\t\t\t\t\t<section class=\"elementor-section elementor-top-section elementor-element elementor-element-4e0a76eb elementor-section-height-min-height elementor-section-full_width elementor-section-height-default elementor-section-items-middle\" data-id=\"4e0a76eb\" data-element_type=\"section\" data-settings=\"{&quot;background_background&quot;:&quot;slideshow&quot;,&quot;background_slideshow_gallery&quot;:[{&quot;id&quot;:122,&quot;url&quot;:&quot;https:\\\/\\\/sielankamragowo.pl\\\/wp-content\\\/uploads\\\/2025\\\/12\\\/restauracja-sielanka-mragowo.jpeg&quot;},{&quot;id&quot;:124,&quot;url&quot;:&quot;https:\\\/\\\/sielankamragowo.pl\\\/wp-content\\\/uploads\\\/2025\\\/12\\\/Sielanka-tlo.jpeg&quot;},{&quot;id&quot;:125,&quot;url&quot;:&quot;https:\\\/\\\/sielankamragowo.pl\\\/wp-content\\\/uploads\\\/2025\\\/12\\\/sielanka-tlo-2.jpeg&quot;}],&quot;background_slideshow_ken_burns&quot;:&quot;yes&quot;,&quot;background_slideshow_loop&quot;:&quot;yes&quot;,&quot;background_slideshow_slide_duration&quot;:5000,&quot;background_slideshow_slide_transition&quot;:&quot;fade&quot;,&quot;background_slideshow_transition_duration&quot;:500,&quot;background_slideshow_ken_burns_zoom_direction&quot;:&quot;in&quot;}\">\n\t\t\t\t\t\t\t<div class=\"elementor-background-overlay\"><\/div>\n\t\t\t\t\t\t\t<div class=\"elementor-container elementor-column-gap-no\">\n\t\t\t\t\t<div class=\"elementor-column elementor-col-100 elementor-top-column elementor-element elementor-element-7311549d\" data-id=\"7311549d\" data-element_type=\"column\">\n\t\t\t<div class=\"elementor-widget-wrap elementor-element-populated\">\n\t\t\t\t\t\t<div class=\"elementor-element elementor-element-fb45f24 elementor-invisible elementor-widget elementor-widget-heading\" data-id=\"fb45f24\" data-element_type=\"widget\" data-settings=\"{&quot;_animation&quot;:&quot;fadeInUp&quot;,&quot;_animation_delay&quot;:200}\" data-widget_type=\"heading.default\">\n\t\t\t\t\t<h3 class=\"elementor-heading-title elementor-size-default\">Nowoczesna kuchnia autorska w sercu Mazur<\/h3>\t\t\t\t<\/div>\n\t\t\t\t<div class=\"elementor-element elementor-element-6cfc1a51 elementor-invisible elementor-widget elementor-widget-heading\" data-id=\"6cfc1a51\" data-element_type=\"widget\" data-settings=\"{&quot;_animation&quot;:&quot;fadeInUp&quot;,&quot;_animation_delay&quot;:200}\" data-widget_type=\"heading.default\">\n\t\t\t\t\t<h1 class=\"elementor-heading-title elementor-size-default\">Sielanka Chill &amp; Restaurant<\/h1>\t\t\t\t<\/div>\n\t\t\t\t\t<\/div>\n\t\t<\/div>\n\t\t\t\t\t<\/div>\n\t\t<\/section>\n\t\t\t\t<section class=\"elementor-section elementor-top-section elementor-element elementor-element-2ba39a63 elementor-section-height-min-height elementor-section-boxed elementor-section-height-default elementor-section-items-middle\" data-id=\"2ba39a63\" data-element_type=\"section\" data-settings=\"{&quot;background_background&quot;:&quot;classic&quot;}\">\n\t\t\t\t\t\t<div class=\"elementor-container elementor-column-gap-no\">\n\t\t\t\t\t<div class=\"elementor-column elementor-col-100 elementor-top-column elementor-element elementor-element-7776b42a elementor-invisible\" data-id=\"7776b42a\" data-element_type=\"column\" data-settings=\"{&quot;animation&quot;:&quot;fadeIn&quot;}\">\n\t\t\t<div class=\"elementor-widget-wrap elementor-element-populated\">\n\t\t\t\t\t\t<div class=\"elementor-element elementor-element-af404a9 elementor-widget elementor-widget-image\" data-id=\"af404a9\" data-element_type=\"widget\" data-widget_type=\"image.default\">\n\t\t\t\t\t\t\t\t\t\t\t\t\t\t\t<img fetchpriority=\"high\" decoding=\"async\" width=\"600\" height=\"199\" src=\"https:\/\/sielankamragowo.pl\/wp-content\/uploads\/2025\/12\/Logo-sielanka-mragowo.png\" class=\"attachment-large size-large wp-image-102\" alt=\"\" srcset=\"https:\/\/sielankamragowo.pl\/wp-content\/uploads\/2025\/12\/Logo-sielanka-mragowo.png 600w, https:\/\/sielankamragowo.pl\/wp-content\/uploads\/2025\/12\/Logo-sielanka-mragowo-300x100.png 300w\" sizes=\"(max-width: 600px) 100vw, 600px\" \/>\t\t\t\t\t\t\t\t\t\t\t\t\t\t\t<\/div>\n\t\t\t\t<div class=\"elementor-element elementor-element-5ddd57e elementor-widget elementor-widget-heading\" data-id=\"5ddd57e\" data-element_type=\"widget\" data-widget_type=\"heading.default\">\n\t\t\t\t\t<h5 class=\"elementor-heading-title elementor-size-default\">Odkryj miejsce, w kt\u00f3rym smak spotyka si\u0119 z atmosfer\u0105. W Sielance tworzymy dania, kt\u00f3re zachwycaj\u0105 \u015bwie\u017co\u015bci\u0105, kreatywno\u015bci\u0105 i charakterem \u2013 idealne na spokojny lunch, wykwintn\u0105 kolacj\u0119 lub nieformalne spotkanie w przyjemnym, nastrojowym wn\u0119trzu.\n<\/h5>\t\t\t\t<\/div>\n\t\t\t\t<div class=\"elementor-element elementor-element-3c708d7 elementor-widget elementor-widget-heading\" data-id=\"3c708d7\" data-element_type=\"widget\" data-widget_type=\"heading.default\">\n\t\t\t\t\t<h5 class=\"elementor-heading-title elementor-size-default\"><b>Sielanka Chill &amp; Restaurant<\/b> to miejsce stworzone z pasji do wyj\u0105tkowych smak\u00f3w, nowoczesnego designu i atmosfery, kt\u00f3ra pozwala naprawd\u0119 odpocz\u0105\u0107. Nasza restauracja powsta\u0142a z potrzeby po\u0142\u0105czenia mazurskiej swobody z kuchni\u0105 autorsk\u0105, w kt\u00f3rej jako\u015b\u0107, kreatywno\u015b\u0107 i dba\u0142o\u015b\u0107 o ka\u017cdy detal s\u0105 zawsze na pierwszym miejscu.\n<\/h5>\t\t\t\t<\/div>\n\t\t\t\t<div class=\"elementor-element elementor-element-82f3862 elementor-widget elementor-widget-heading\" data-id=\"82f3862\" data-element_type=\"widget\" data-widget_type=\"heading.default\">\n\t\t\t\t\t<h5 class=\"elementor-heading-title elementor-size-default\">Tworzymy j\u0105 jako <b>do\u015bwiadczony, utalentowany i kreatywny zesp\u00f3\u0142<\/b>, dla kt\u00f3rego gastronomia jest czym\u015b wi\u0119cej ni\u017c prac\u0105. To nasza pasja, rzemios\u0142o i spos\u00f3b na wyra\u017canie siebie. \u0141\u0105czymy wieloletnie do\u015bwiadczenie z odwag\u0105 do eksperymentowania i \u015bwie\u017cym podej\u015bciem do gotowania. Dzi\u0119ki temu powstaj\u0105 dania, kt\u00f3re zaskakuj\u0105 smakiem, wygl\u0105dem i niepowtarzalnym charakterem.<\/h5>\t\t\t\t<\/div>\n\t\t\t\t\t<\/div>\n\t\t<\/div>\n\t\t\t\t\t<\/div>\n\t\t<\/section>\n\t\t\t\t<section class=\"elementor-section elementor-top-section elementor-element elementor-element-10d9b5df elementor-section-height-min-height elementor-section-full_width elementor-section-height-default elementor-section-items-middle\" data-id=\"10d9b5df\" data-element_type=\"section\" data-settings=\"{&quot;background_background&quot;:&quot;classic&quot;}\">\n\t\t\t\t\t\t<div class=\"elementor-container elementor-column-gap-no\">\n\t\t\t\t\t<div class=\"elementor-column elementor-col-25 elementor-top-column elementor-element elementor-element-1a450f84\" data-id=\"1a450f84\" data-element_type=\"column\" data-settings=\"{&quot;background_background&quot;:&quot;classic&quot;}\">\n\t\t\t<div class=\"elementor-widget-wrap elementor-element-populated\">\n\t\t\t\t\t\t<div class=\"elementor-element elementor-element-28039e6 elementor-widget elementor-widget-spacer\" data-id=\"28039e6\" data-element_type=\"widget\" data-widget_type=\"spacer.default\">\n\t\t\t\t\t\t\t<div class=\"elementor-spacer\">\n\t\t\t<div class=\"elementor-spacer-inner\"><\/div>\n\t\t<\/div>\n\t\t\t\t\t\t<\/div>\n\t\t\t\t\t<\/div>\n\t\t<\/div>\n\t\t\t\t<div class=\"elementor-column elementor-col-25 elementor-top-column elementor-element elementor-element-709d4cb\" data-id=\"709d4cb\" data-element_type=\"column\" data-settings=\"{&quot;background_background&quot;:&quot;classic&quot;}\">\n\t\t\t<div class=\"elementor-widget-wrap elementor-element-populated\">\n\t\t\t\t\t\t<div class=\"elementor-element elementor-element-5bcb34c elementor-widget elementor-widget-spacer\" data-id=\"5bcb34c\" data-element_type=\"widget\" data-widget_type=\"spacer.default\">\n\t\t\t\t\t\t\t<div class=\"elementor-spacer\">\n\t\t\t<div class=\"elementor-spacer-inner\"><\/div>\n\t\t<\/div>\n\t\t\t\t\t\t<\/div>\n\t\t\t\t\t<\/div>\n\t\t<\/div>\n\t\t\t\t<div class=\"elementor-column elementor-col-25 elementor-top-column elementor-element elementor-element-992a56b\" data-id=\"992a56b\" data-element_type=\"column\" data-settings=\"{&quot;background_background&quot;:&quot;classic&quot;}\">\n\t\t\t<div class=\"elementor-widget-wrap elementor-element-populated\">\n\t\t\t\t\t\t<div class=\"elementor-element elementor-element-408614e elementor-widget elementor-widget-spacer\" data-id=\"408614e\" data-element_type=\"widget\" data-widget_type=\"spacer.default\">\n\t\t\t\t\t\t\t<div class=\"elementor-spacer\">\n\t\t\t<div class=\"elementor-spacer-inner\"><\/div>\n\t\t<\/div>\n\t\t\t\t\t\t<\/div>\n\t\t\t\t\t<\/div>\n\t\t<\/div>\n\t\t\t\t<div class=\"elementor-column elementor-col-25 elementor-top-column elementor-element elementor-element-7fc8bfe\" data-id=\"7fc8bfe\" data-element_type=\"column\" data-settings=\"{&quot;background_background&quot;:&quot;classic&quot;}\">\n\t\t\t<div class=\"elementor-widget-wrap elementor-element-populated\">\n\t\t\t\t\t\t<div class=\"elementor-element elementor-element-e8ed053 elementor-widget elementor-widget-spacer\" data-id=\"e8ed053\" data-element_type=\"widget\" data-widget_type=\"spacer.default\">\n\t\t\t\t\t\t\t<div class=\"elementor-spacer\">\n\t\t\t<div class=\"elementor-spacer-inner\"><\/div>\n\t\t<\/div>\n\t\t\t\t\t\t<\/div>\n\t\t\t\t\t<\/div>\n\t\t<\/div>\n\t\t\t\t\t<\/div>\n\t\t<\/section>\n\t\t\t\t<section class=\"elementor-section elementor-top-section elementor-element elementor-element-40cb68ac elementor-section-height-min-height elementor-section-boxed elementor-section-height-default elementor-section-items-middle\" data-id=\"40cb68ac\" data-element_type=\"section\" data-settings=\"{&quot;background_background&quot;:&quot;classic&quot;}\">\n\t\t\t\t\t\t\t<div class=\"elementor-background-overlay\"><\/div>\n\t\t\t\t\t\t\t<div class=\"elementor-container elementor-column-gap-default\">\n\t\t\t\t\t<div class=\"elementor-column elementor-col-100 elementor-top-column elementor-element elementor-element-5e477dbd\" data-id=\"5e477dbd\" data-element_type=\"column\">\n\t\t\t<div class=\"elementor-widget-wrap elementor-element-populated\">\n\t\t\t\t\t\t<div class=\"elementor-element elementor-element-5b4ca9c elementor-widget elementor-widget-heading\" data-id=\"5b4ca9c\" data-element_type=\"widget\" data-widget_type=\"heading.default\">\n\t\t\t\t\t<h5 class=\"elementor-heading-title elementor-size-default\">Pracujemy w oparciu o sezonowe produkty, <b>lokalne sk\u0142adniki<\/b> oraz inspiracje zaczerpni\u0119te z Mazur i wsp\u00f3\u0142czesnych trend\u00f3w kulinarnych. Naszym celem jest tworzenie wyj\u0105tkowych do\u015bwiadcze\u0144 \u2014 od pierwszego spojrzenia na talerz, po ostatni k\u0119s.<br>\n<b>Sielanka Chill &amp; Restaurant <\/b>to przestrze\u0144, w kt\u00f3rej nowoczesno\u015b\u0107 spotyka si\u0119 z natur\u0105, a profesjonalizm z sercem do gotowania. Zapraszamy do miejsca, w kt\u00f3rym smak, estetyka i atmosfera tworz\u0105 harmonijn\u0105 ca\u0142o\u015b\u0107.\n<\/h5>\t\t\t\t<\/div>\n\t\t\t\t\t<\/div>\n\t\t<\/div>\n\t\t\t\t\t<\/div>\n\t\t<\/section>\n\t\t\t\t<\/div>\n\t\t","protected":false},"excerpt":{"rendered":"<p>STRONA G\u0141\u00d3WNA<\/p>\n","protected":false},"author":1,"featured_media":0,"parent":0,"menu_order":0,"comment_status":"closed","ping_status":"closed","template":"elementor_header_footer","meta":{"footnotes":""},"class_list":["post-53","page","type-page","status-publish","hentry"],"_links":{"self":[{"href":"https:\/\/sielankamragowo.pl\/index.php?rest_route=\/wp\/v2\/pages\/53","targetHints":{"allow":["GET"]}}],"collection":[{"href":"https:\/\/sielankamragowo.pl\/index.php?rest_route=\/wp\/v2\/pages"}],"about":[{"href":"https:\/\/sielankamragowo.pl\/index.php?rest_route=\/wp\/v2\/types\/page"}],"author":[{"embeddable":true,"href":"https:\/\/sielankamragowo.pl\/index.php?rest_route=\/wp\/v2\/users\/1"}],"replies":[{"embeddable":true,"href":"https:\/\/sielankamragowo.pl\/index.php?rest_route=%2Fwp%2Fv2%2Fcomments&post=53"}],"version-history":[{"count":34,"href":"https:\/\/sielankamragowo.pl\/index.php?rest_route=\/wp\/v2\/pages\/53\/revisions"}],"predecessor-version":[{"id":229,"href":"https:\/\/sielankamragowo.pl\/index.php?rest_route=\/wp\/v2\/pages\/53\/revisions\/229"}],"wp:attachment":[{"href":"https:\/\/sielankamragowo.pl\/index.php?rest_route=%2Fwp%2Fv2%2Fmedia&parent=53"}],"curies":[{"name":"wp","href":"https:\/\/api.w.org\/{rel}","templated":true}]}}