{"id":78,"date":"2025-12-05T20:45:48","date_gmt":"2025-12-05T19:45:48","guid":{"rendered":"https:\/\/sielankamragowo.pl\/?page_id=78"},"modified":"2025-12-05T23:51:07","modified_gmt":"2025-12-05T22:51:07","slug":"restauracja","status":"publish","type":"page","link":"https:\/\/sielankamragowo.pl\/?page_id=78","title":{"rendered":"RESTAURACJA"},"content":{"rendered":"\t\t<div data-elementor-type=\"wp-page\" data-elementor-id=\"78\" class=\"elementor elementor-78\" data-elementor-post-type=\"page\">\n\t\t\t\t\t\t<section class=\"elementor-section elementor-top-section elementor-element elementor-element-507b19be elementor-section-height-min-height elementor-section-boxed elementor-section-height-default elementor-section-items-middle\" data-id=\"507b19be\" data-element_type=\"section\" data-settings=\"{&quot;background_background&quot;:&quot;slideshow&quot;,&quot;background_slideshow_ken_burns&quot;:&quot;yes&quot;,&quot;background_slideshow_gallery&quot;:[{&quot;id&quot;:125,&quot;url&quot;:&quot;https:\\\/\\\/sielankamragowo.pl\\\/wp-content\\\/uploads\\\/2025\\\/12\\\/sielanka-tlo-2.jpeg&quot;},{&quot;id&quot;:122,&quot;url&quot;:&quot;https:\\\/\\\/sielankamragowo.pl\\\/wp-content\\\/uploads\\\/2025\\\/12\\\/restauracja-sielanka-mragowo.jpeg&quot;}],&quot;background_slideshow_loop&quot;:&quot;yes&quot;,&quot;background_slideshow_slide_duration&quot;:5000,&quot;background_slideshow_slide_transition&quot;:&quot;fade&quot;,&quot;background_slideshow_transition_duration&quot;:500,&quot;background_slideshow_ken_burns_zoom_direction&quot;:&quot;in&quot;}\">\n\t\t\t\t\t\t\t<div class=\"elementor-background-overlay\"><\/div>\n\t\t\t\t\t\t\t<div class=\"elementor-container elementor-column-gap-no\">\n\t\t\t\t\t<div class=\"elementor-column elementor-col-100 elementor-top-column elementor-element elementor-element-5244b0c8\" data-id=\"5244b0c8\" data-element_type=\"column\">\n\t\t\t<div class=\"elementor-widget-wrap elementor-element-populated\">\n\t\t\t\t\t\t<div class=\"elementor-element elementor-element-f080516 elementor-invisible elementor-widget elementor-widget-heading\" data-id=\"f080516\" data-element_type=\"widget\" data-settings=\"{&quot;_animation&quot;:&quot;fadeInUp&quot;}\" data-widget_type=\"heading.default\">\n\t\t\t\t\t<h1 class=\"elementor-heading-title elementor-size-default\">Sielanka Chill &amp; Restaurant  <\/h1>\t\t\t\t<\/div>\n\t\t\t\t<div class=\"elementor-element elementor-element-8939159 elementor-invisible elementor-widget elementor-widget-heading\" data-id=\"8939159\" data-element_type=\"widget\" data-settings=\"{&quot;_animation&quot;:&quot;fadeInUp&quot;}\" data-widget_type=\"heading.default\">\n\t\t\t\t\t<h2 class=\"elementor-heading-title elementor-size-default\">nowoczesna restauracja na Mazurach<\/h2>\t\t\t\t<\/div>\n\t\t\t\t\t<\/div>\n\t\t<\/div>\n\t\t\t\t\t<\/div>\n\t\t<\/section>\n\t\t\t\t<section class=\"elementor-section elementor-top-section elementor-element elementor-element-ac2f84 elementor-section-height-min-height elementor-reverse-tablet elementor-reverse-mobile elementor-section-boxed elementor-section-height-default elementor-section-items-middle\" data-id=\"ac2f84\" data-element_type=\"section\" data-settings=\"{&quot;background_background&quot;:&quot;classic&quot;}\">\n\t\t\t\t\t\t\t<div class=\"elementor-background-overlay\"><\/div>\n\t\t\t\t\t\t\t<div class=\"elementor-container elementor-column-gap-no\">\n\t\t\t\t\t<div class=\"elementor-column elementor-col-33 elementor-top-column elementor-element elementor-element-61c69892\" data-id=\"61c69892\" data-element_type=\"column\">\n\t\t\t<div class=\"elementor-widget-wrap elementor-element-populated\">\n\t\t\t\t\t\t<div class=\"elementor-element elementor-element-35902b4d elementor-invisible elementor-widget elementor-widget-text-editor\" data-id=\"35902b4d\" data-element_type=\"widget\" data-settings=\"{&quot;_animation&quot;:&quot;fadeInUp&quot;,&quot;_animation_delay&quot;:400}\" data-widget_type=\"text-editor.default\">\n\t\t\t\t\t\t\t\t\t<p>W Sielanka Chill &amp; Restaurant stawiamy na kuchni\u0119 autorsk\u0105 opart\u0105 na sezonowych i lokalnych produktach. Ka\u017cde danie powstaje od podstaw, z dba\u0142o\u015bci\u0105 o najmniejszy detal. Tworzymy kr\u00f3tk\u0105, regularnie zmieniaj\u0105c\u0105 si\u0119 kart\u0119, aby gwarantowa\u0107 \u015bwie\u017co\u015b\u0107 i najwy\u017csz\u0105 jako\u015b\u0107 sk\u0142adnik\u00f3w. Inspirujemy si\u0119 bogactwem Mazur, \u0142\u0105cz\u0105c tradycyjne smaki z nowoczesnymi technikami kulinarnymi. W rezultacie otrzymujesz potrawy, kt\u00f3re s\u0105 nie tylko pyszne, ale r\u00f3wnie\u017c pi\u0119knie podane i zapadaj\u0105ce w pami\u0119\u0107.<\/p>\t\t\t\t\t\t\t\t<\/div>\n\t\t\t\t\t<\/div>\n\t\t<\/div>\n\t\t\t\t<div class=\"elementor-column elementor-col-33 elementor-top-column elementor-element elementor-element-73ff887b elementor-hidden-tablet elementor-hidden-phone\" data-id=\"73ff887b\" data-element_type=\"column\">\n\t\t\t<div class=\"elementor-widget-wrap\">\n\t\t\t\t\t\t\t<\/div>\n\t\t<\/div>\n\t\t\t\t<div class=\"elementor-column elementor-col-33 elementor-top-column elementor-element elementor-element-b4d3143\" data-id=\"b4d3143\" data-element_type=\"column\">\n\t\t\t<div class=\"elementor-widget-wrap elementor-element-populated\">\n\t\t\t\t\t\t<div class=\"elementor-element elementor-element-3410b4f3 elementor-invisible elementor-widget elementor-widget-image\" data-id=\"3410b4f3\" data-element_type=\"widget\" data-settings=\"{&quot;_animation&quot;:&quot;fadeInUp&quot;,&quot;_animation_delay&quot;:200}\" data-widget_type=\"image.default\">\n\t\t\t\t\t\t\t\t\t\t\t\t\t\t\t<img decoding=\"async\" src=\"https:\/\/sielankamragowo.pl\/wp-content\/uploads\/elementor\/thumbs\/danie1-rfq4367y474f5xoyxpx3n0yp7j5sq1fzmhcp5x5g00.jpg\" title=\"danie1\" alt=\"danie1\" loading=\"lazy\" \/>\t\t\t\t\t\t\t\t\t\t\t\t\t\t\t<\/div>\n\t\t\t\t<div class=\"elementor-element elementor-element-3275bea9 elementor-absolute elementor-hidden-tablet elementor-hidden-phone elementor-invisible elementor-widget elementor-widget-image\" data-id=\"3275bea9\" data-element_type=\"widget\" data-settings=\"{&quot;_position&quot;:&quot;absolute&quot;,&quot;_animation&quot;:&quot;fadeInUp&quot;,&quot;_animation_delay&quot;:400}\" data-widget_type=\"image.default\">\n\t\t\t\t\t\t\t\t\t\t\t\t\t\t\t<img decoding=\"async\" src=\"https:\/\/sielankamragowo.pl\/wp-content\/uploads\/elementor\/thumbs\/szef-rfq43eoglumzztuntc144a5h4tc9po6o6d52b1spdc.jpg\" title=\"szef\" alt=\"szef\" loading=\"lazy\" \/>\t\t\t\t\t\t\t\t\t\t\t\t\t\t\t<\/div>\n\t\t\t\t\t<\/div>\n\t\t<\/div>\n\t\t\t\t\t<\/div>\n\t\t<\/section>\n\t\t\t\t<section class=\"elementor-section elementor-top-section elementor-element elementor-element-3be630bd elementor-section-boxed elementor-section-height-default elementor-section-height-default\" data-id=\"3be630bd\" data-element_type=\"section\" data-settings=\"{&quot;background_background&quot;:&quot;classic&quot;}\">\n\t\t\t\t\t\t<div class=\"elementor-container elementor-column-gap-no\">\n\t\t\t\t\t<div class=\"elementor-column elementor-col-33 elementor-top-column elementor-element elementor-element-3be4f806\" data-id=\"3be4f806\" data-element_type=\"column\">\n\t\t\t<div class=\"elementor-widget-wrap elementor-element-populated\">\n\t\t\t\t\t\t<div class=\"elementor-element elementor-element-496b9199 elementor-widget elementor-widget-image\" data-id=\"496b9199\" data-element_type=\"widget\" data-widget_type=\"image.default\">\n\t\t\t\t\t\t\t\t\t\t\t\t\t\t\t<img decoding=\"async\" src=\"https:\/\/sielankamragowo.pl\/wp-content\/uploads\/elementor\/thumbs\/dania-rfq43fmd8e80m9g6tit5upxn16qhp3rh33z817nt68.jpg\" title=\"dania\" alt=\"dania\" loading=\"lazy\" \/>\t\t\t\t\t\t\t\t\t\t\t\t\t\t\t<\/div>\n\t\t\t\t<div class=\"elementor-element elementor-element-c2217f3 elementor-invisible elementor-widget elementor-widget-text-editor\" data-id=\"c2217f3\" data-element_type=\"widget\" data-settings=\"{&quot;_animation&quot;:&quot;fadeInUp&quot;,&quot;_animation_delay&quot;:400}\" data-widget_type=\"text-editor.default\">\n\t\t\t\t\t\t\t\t\tJe\u015bli szukasz nowoczesnej restauracji na Mazurach, kt\u00f3ra \u0142\u0105czy klimatyczne wn\u0119trza, kreatywn\u0105 kuchni\u0119 i spokojn\u0105 atmosfer\u0119, Sielanka Chill &#038; Restaurant b\u0119dzie miejscem, do kt\u00f3rego ch\u0119tnie wr\u00f3cisz. Ju\u017c wkr\u00f3tce zaprezentujemy pe\u0142n\u0105 kart\u0119 da\u0144, nad kt\u00f3r\u0105 nieustannie pracujemy, aby zaoferowa\u0107 naszym go\u015bciom co\u015b wyj\u0105tkowego, \u015bwie\u017cego i autorskiego\t\t\t\t\t\t\t\t<\/div>\n\t\t\t\t\t<\/div>\n\t\t<\/div>\n\t\t\t\t<div class=\"elementor-column elementor-col-33 elementor-top-column elementor-element elementor-element-567ecc5a elementor-hidden-tablet\" data-id=\"567ecc5a\" data-element_type=\"column\">\n\t\t\t<div class=\"elementor-widget-wrap\">\n\t\t\t\t\t\t\t<\/div>\n\t\t<\/div>\n\t\t\t\t<div class=\"elementor-column elementor-col-33 elementor-top-column elementor-element elementor-element-652b191a\" data-id=\"652b191a\" data-element_type=\"column\">\n\t\t\t<div class=\"elementor-widget-wrap elementor-element-populated\">\n\t\t\t\t\t\t<div class=\"elementor-element elementor-element-676a177d elementor-invisible elementor-widget elementor-widget-text-editor\" data-id=\"676a177d\" data-element_type=\"widget\" data-settings=\"{&quot;_animation&quot;:&quot;fadeInUp&quot;,&quot;_animation_delay&quot;:400}\" data-widget_type=\"text-editor.default\">\n\t\t\t\t\t\t\t\t\t<p>Nasza restauracja to miejsce idealne na romantyczn\u0105 kolacj\u0119, rodzinny obiad, spotkanie z przyjaci\u00f3\u0142mi czy spokojny lunch podczas podr\u00f3\u017cy po Mazurach. Nowoczesne wn\u0119trza, subtelne o\u015bwietlenie i naturalne materia\u0142y tworz\u0105 atmosfer\u0119 relaksu i swobody. To przestrze\u0144, w kt\u00f3rej mo\u017cna oderwa\u0107 si\u0119 od codzienno\u015bci i celebrowa\u0107 ka\u017cd\u0105 chwil\u0119.<\/p><p><br \/>W menu Sielanka Chill &amp; Restaurant znajdziesz kreatywne interpretacje klasycznych potraw, \u015bwie\u017ce ryby, mi\u0119sa najwy\u017cszej jako\u015bci, aromatyczne dania wegetaria\u0144skie oraz s\u0142odkie kompozycje przygotowywane na miejscu. Dla nas liczy si\u0119 smak, estetyka i do\u015bwiadczenie, jakie otrzymuje ka\u017cdy go\u015b\u0107 \u2014 niezale\u017cnie od okazji.<\/p>\t\t\t\t\t\t\t\t<\/div>\n\t\t\t\t\t<\/div>\n\t\t<\/div>\n\t\t\t\t\t<\/div>\n\t\t<\/section>\n\t\t\t\t<section class=\"elementor-section elementor-top-section elementor-element elementor-element-1167bece elementor-section-height-min-height elementor-section-boxed elementor-section-height-default elementor-section-items-middle\" data-id=\"1167bece\" data-element_type=\"section\" data-settings=\"{&quot;background_background&quot;:&quot;classic&quot;}\">\n\t\t\t\t\t\t\t<div class=\"elementor-background-overlay\"><\/div>\n\t\t\t\t\t\t\t<div class=\"elementor-container elementor-column-gap-default\">\n\t\t\t\t\t<div class=\"elementor-column elementor-col-100 elementor-top-column elementor-element elementor-element-d025013\" data-id=\"d025013\" data-element_type=\"column\">\n\t\t\t<div class=\"elementor-widget-wrap elementor-element-populated\">\n\t\t\t\t\t\t<div class=\"elementor-element elementor-element-49c2d0c5 elementor-invisible elementor-widget elementor-widget-heading\" data-id=\"49c2d0c5\" data-element_type=\"widget\" data-settings=\"{&quot;_animation&quot;:&quot;fadeInUp&quot;}\" data-widget_type=\"heading.default\">\n\t\t\t\t\t<h2 class=\"elementor-heading-title elementor-size-default\">Zapraszamy do Sielanki \u2014 miejsca, <br>w kt\u00f3rym smak, natura i nowoczesno\u015b\u0107 tworz\u0105 harmonijn\u0105 ca\u0142o\u015b\u0107.<\/h2>\t\t\t\t<\/div>\n\t\t\t\t\t<\/div>\n\t\t<\/div>\n\t\t\t\t\t<\/div>\n\t\t<\/section>\n\t\t\t\t<\/div>\n\t\t","protected":false},"excerpt":{"rendered":"<p>Sielanka Chill &amp; Restaurant nowoczesna restauracja na Mazurach W Sielanka Chill &amp; Restaurant stawiamy na kuchni\u0119 autorsk\u0105 opart\u0105 na sezonowych i lokalnych produktach. Ka\u017cde danie powstaje od podstaw, z dba\u0142o\u015bci\u0105 o najmniejszy detal. Tworzymy kr\u00f3tk\u0105, regularnie zmieniaj\u0105c\u0105 si\u0119 kart\u0119, aby gwarantowa\u0107 \u015bwie\u017co\u015b\u0107 i najwy\u017csz\u0105 jako\u015b\u0107 sk\u0142adnik\u00f3w. Inspirujemy si\u0119 bogactwem Mazur, \u0142\u0105cz\u0105c tradycyjne smaki z nowoczesnymi [&hellip;]<\/p>\n","protected":false},"author":1,"featured_media":0,"parent":0,"menu_order":0,"comment_status":"closed","ping_status":"closed","template":"","meta":{"footnotes":""},"class_list":["post-78","page","type-page","status-publish","hentry"],"_links":{"self":[{"href":"https:\/\/sielankamragowo.pl\/index.php?rest_route=\/wp\/v2\/pages\/78","targetHints":{"allow":["GET"]}}],"collection":[{"href":"https:\/\/sielankamragowo.pl\/index.php?rest_route=\/wp\/v2\/pages"}],"about":[{"href":"https:\/\/sielankamragowo.pl\/index.php?rest_route=\/wp\/v2\/types\/page"}],"author":[{"embeddable":true,"href":"https:\/\/sielankamragowo.pl\/index.php?rest_route=\/wp\/v2\/users\/1"}],"replies":[{"embeddable":true,"href":"https:\/\/sielankamragowo.pl\/index.php?rest_route=%2Fwp%2Fv2%2Fcomments&post=78"}],"version-history":[{"count":28,"href":"https:\/\/sielankamragowo.pl\/index.php?rest_route=\/wp\/v2\/pages\/78\/revisions"}],"predecessor-version":[{"id":243,"href":"https:\/\/sielankamragowo.pl\/index.php?rest_route=\/wp\/v2\/pages\/78\/revisions\/243"}],"wp:attachment":[{"href":"https:\/\/sielankamragowo.pl\/index.php?rest_route=%2Fwp%2Fv2%2Fmedia&parent=78"}],"curies":[{"name":"wp","href":"https:\/\/api.w.org\/{rel}","templated":true}]}}